{"id":19,"date":"2023-03-21T10:22:29","date_gmt":"2023-03-21T10:22:29","guid":{"rendered":"https:\/\/neljastrimester.ee\/?page_id=19"},"modified":"2026-04-09T10:06:40","modified_gmt":"2026-04-09T10:06:40","slug":"imetamisnoustamine","status":"publish","type":"page","link":"https:\/\/www.neljastrimester.ee\/en\/imetamisnoustamine\/","title":{"rendered":"Breastfeeding support"},"content":{"rendered":"<h1><\/h1>\n<h1><img loading=\"lazy\" decoding=\"async\" class=\"aligncenter wp-image-212\" src=\"https:\/\/neljastrimester.ee\/wp-content\/uploads\/2023\/03\/B57FDE94-D0C2-4EED-B3D2-88C153E51EE6-1024x683.jpeg\" alt=\"\" width=\"655\" height=\"437\" srcset=\"https:\/\/neljastrimester.ee\/wp-content\/uploads\/2023\/03\/B57FDE94-D0C2-4EED-B3D2-88C153E51EE6-1024x683.jpeg 1024w, https:\/\/neljastrimester.ee\/wp-content\/uploads\/2023\/03\/B57FDE94-D0C2-4EED-B3D2-88C153E51EE6-scaled-600x400.jpeg 600w, https:\/\/neljastrimester.ee\/wp-content\/uploads\/2023\/03\/B57FDE94-D0C2-4EED-B3D2-88C153E51EE6-300x200.jpeg 300w, https:\/\/neljastrimester.ee\/wp-content\/uploads\/2023\/03\/B57FDE94-D0C2-4EED-B3D2-88C153E51EE6-768x512.jpeg 768w, https:\/\/neljastrimester.ee\/wp-content\/uploads\/2023\/03\/B57FDE94-D0C2-4EED-B3D2-88C153E51EE6-1536x1024.jpeg 1536w, https:\/\/neljastrimester.ee\/wp-content\/uploads\/2023\/03\/B57FDE94-D0C2-4EED-B3D2-88C153E51EE6-2048x1365.jpeg 2048w\" sizes=\"auto, (max-width: 655px) 100vw, 655px\" \/><\/h1>\n<h1><\/h1>\n<h1 style=\"text-align: center;\">Breastfeeding support<\/h1>\n<p>When I was expecting my first child, I was convinced that breastfeeding as a natural way of feeding did not require any prior knowledge. Much to my surprise, however, I needed a lot of support and additional information during breastfeeding. I often found myself wondering if one or the other thing is normal. The situation was further complicated by myths surrounding breastfeeding and baby feeding, from which it was difficult to discern evidence-based information.<\/p>\n<p>But I soon learned to love breastfeeding and trust a woman's body, and I want to help you on this journey with all my heart. I want you to feel supported and understood, which is why I always put your and your baby's well-being first. As a lactation consultant, I accept your choices, offering solutions based on my professional knowledge and years of experience. I am also there for the emotions that arise when breastfeeding ends, offering deeply supportive closing the bones postpartum ritual to celebrate the end of the breastfeeding journey and bring you back to your safe center. Read about postpartum care from <a href=\"https:\/\/www.neljastrimester.ee\/en\/kookonhoolitsus\/\">here<\/a>.<\/p>\n<p align=\"left\">I have completed lactation consultant training based on UNICEF materials, several additional trainings, and I am a member of the Estonian Support Association for Birth and Breastfeeding (<a href=\"https:\/\/www.siet.ee\/\">SIET<\/a>).<\/p>\n<h4 align=\"left\"><strong>Topics most often addressed to a lactation consultant:<\/strong><\/h4>\n<ul>\n<li>proper latch<\/li>\n<li>baby's low weight gain<\/li>\n<li>increasing the milk supply<\/li>\n<li>mixed feeding, bottle feeding and need for a formula<\/li>\n<li>painful breastfeeding<\/li>\n<li>pumping and storing breast milk<\/li>\n<li>mastitis and other breast conditions<\/li>\n<li>refusal of the breast<\/li>\n<li>mother's diet during breastfeeding<\/li>\n<li>starting with solids<\/li>\n<li>weaning<\/li>\n<li>chronic low milk supply<\/li>\n<li>emotions after the end of breastfeeding<\/li>\n<\/ul>\n<p><strong>Breastfeeding support (home visit): 80 EUR <\/strong>(Tallinn, Keila, Harku vald). Kokkuleppel visiidid \u00fcle kogu Harjumaa. Virtuaalne n\u00f5ustamine (e-post, Zoom) 45 EUR.<\/p>\n<p style=\"font-style: italic; color: #666;\">\ud83d\udc97 <a href=\"https:\/\/www.neljastrimester.ee\/en\/broneeri-sunnitusjargne-toetus\/\">If you wish, consultations are also available online \u2014 a quick and comfortable option from the ease of your own home.<\/a><\/p>\n<p>&nbsp;<\/p>","protected":false},"excerpt":{"rendered":"<p>Imetamisn\u00f5ustamine Esimest last oodates olin ma veendunud, et imetamine kui loomulik toitmisviis ei vaja mingeid eelteadmisi. Minu suureks \u00fcllatuseks vajasin imetamise ajal aga palju tuge ja lisainfot. Tabasin end tihti m\u00f5ttelt, kas \u00fcks v\u00f5i teine asi on normaalne ja loksub ajaga ise paika v\u00f5i vajan siiski imetamisn\u00f5ustaja abi. Olukorra tegid veelgi keerulisemaks imetamist ja beebide [&hellip;]<\/p>\n","protected":false},"author":1,"featured_media":0,"parent":0,"menu_order":0,"comment_status":"closed","ping_status":"closed","template":"","meta":{"site-sidebar-layout":"default","site-content-layout":"plain-container","ast-site-content-layout":"normal-width-container","site-content-style":"unboxed","site-sidebar-style":"unboxed","ast-global-header-display":"","ast-banner-title-visibility":"","ast-main-header-display":"","ast-hfb-above-header-display":"","ast-hfb-below-header-display":"","ast-hfb-mobile-header-display":"","site-post-title":"disabled","ast-breadcrumbs-content":"","ast-featured-img":"disabled","footer-sml-layout":"","ast-disable-related-posts":"","theme-transparent-header-meta":"default","adv-header-id-meta":"","stick-header-meta":"","header-above-stick-meta":"","header-main-stick-meta":"","header-below-stick-meta":"","astra-migrate-meta-layouts":"set","ast-page-background-enabled":"default","ast-page-background-meta":{"desktop":{"background-color":"var(--ast-global-color-4)","background-image":"","background-repeat":"repeat","background-position":"center center","background-size":"auto","background-attachment":"scroll","background-type":"","background-media":"","overlay-type":"","overlay-color":"","overlay-opacity":"","overlay-gradient":""},"tablet":{"background-color":"","background-image":"","background-repeat":"repeat","background-position":"center center","background-size":"auto","background-attachment":"scroll","background-type":"","background-media":"","overlay-type":"","overlay-color":"","overlay-opacity":"","overlay-gradient":""},"mobile":{"background-color":"","background-image":"","background-repeat":"repeat","background-position":"center center","background-size":"auto","background-attachment":"scroll","background-type":"","background-media":"","overlay-type":"","overlay-color":"","overlay-opacity":"","overlay-gradient":""}},"ast-content-background-meta":{"desktop":{"background-color":"var(--ast-global-color-5)","background-image":"","background-repeat":"repeat","background-position":"center center","background-size":"auto","background-attachment":"scroll","background-type":"","background-media":"","overlay-type":"","overlay-color":"","overlay-opacity":"","overlay-gradient":""},"tablet":{"background-color":"var(--ast-global-color-5)","background-image":"","background-repeat":"repeat","background-position":"center center","background-size":"auto","background-attachment":"scroll","background-type":"","background-media":"","overlay-type":"","overlay-color":"","overlay-opacity":"","overlay-gradient":""},"mobile":{"background-color":"var(--ast-global-color-5)","background-image":"","background-repeat":"repeat","background-position":"center center","background-size":"auto","background-attachment":"scroll","background-type":"","background-media":"","overlay-type":"","overlay-color":"","overlay-opacity":"","overlay-gradient":""}},"footnotes":""},"class_list":["post-19","page","type-page","status-publish","hentry"],"yoast_head":"<!-- This site is optimized with the Yoast SEO plugin v27.3 - https:\/\/yoast.com\/product\/yoast-seo-wordpress\/ -->\n<title>Imetamisn\u00f5ustamine - Doula Daisi - s\u00fcnnitusj\u00e4rgne tugi<\/title>\n<meta name=\"description\" content=\"Imetamisn\u00f5ustajana l\u00e4htun Sinu soovidest, pakkudes lahendusi oma professionaalsete teadmiste ja aastatepikkuste kogemuste p\u00f5hjal.\" \/>\n<meta name=\"robots\" content=\"index, follow, max-snippet:-1, max-image-preview:large, max-video-preview:-1\" \/>\n<link rel=\"canonical\" href=\"https:\/\/neljastrimester.ee\/en\/imetamisnoustamine\/\" \/>\n<meta property=\"og:locale\" content=\"en_GB\" \/>\n<meta property=\"og:type\" content=\"article\" \/>\n<meta property=\"og:title\" content=\"Imetamisn\u00f5ustamine - Doula Daisi - s\u00fcnnitusj\u00e4rgne tugi\" \/>\n<meta property=\"og:description\" content=\"Imetamisn\u00f5ustajana l\u00e4htun Sinu soovidest, pakkudes lahendusi oma professionaalsete teadmiste ja aastatepikkuste kogemuste p\u00f5hjal.\" \/>\n<meta property=\"og:url\" content=\"https:\/\/neljastrimester.ee\/en\/imetamisnoustamine\/\" \/>\n<meta property=\"og:site_name\" content=\"Doula Daisi - s\u00fcnnitusj\u00e4rgne tugi\" \/>\n<meta property=\"article:publisher\" content=\"https:\/\/www.facebook.com\/douladaisi\" \/>\n<meta property=\"article:modified_time\" content=\"2026-04-09T10:06:40+00:00\" \/>\n<meta property=\"og:image\" content=\"https:\/\/neljastrimester.ee\/wp-content\/uploads\/2023\/03\/B57FDE94-D0C2-4EED-B3D2-88C153E51EE6-1024x683.jpeg\" \/>\n<meta name=\"twitter:card\" content=\"summary_large_image\" \/>\n<meta name=\"twitter:label1\" content=\"Estimated reading time\" \/>\n\t<meta name=\"twitter:data1\" content=\"2 minutes\" \/>\n<script type=\"application\/ld+json\" class=\"yoast-schema-graph\">{\"@context\":\"https:\\\/\\\/schema.org\",\"@graph\":[{\"@type\":\"WebPage\",\"@id\":\"https:\\\/\\\/neljastrimester.ee\\\/en\\\/imetamisnoustamine\\\/\",\"url\":\"https:\\\/\\\/neljastrimester.ee\\\/en\\\/imetamisnoustamine\\\/\",\"name\":\"Imetamisn\u00f5ustamine - Doula Daisi - s\u00fcnnitusj\u00e4rgne tugi\",\"isPartOf\":{\"@id\":\"https:\\\/\\\/neljastrimester.ee\\\/#website\"},\"primaryImageOfPage\":{\"@id\":\"https:\\\/\\\/neljastrimester.ee\\\/en\\\/imetamisnoustamine\\\/#primaryimage\"},\"image\":{\"@id\":\"https:\\\/\\\/neljastrimester.ee\\\/en\\\/imetamisnoustamine\\\/#primaryimage\"},\"thumbnailUrl\":\"https:\\\/\\\/neljastrimester.ee\\\/wp-content\\\/uploads\\\/2023\\\/03\\\/B57FDE94-D0C2-4EED-B3D2-88C153E51EE6-1024x683.jpeg\",\"datePublished\":\"2023-03-21T10:22:29+00:00\",\"dateModified\":\"2026-04-09T10:06:40+00:00\",\"description\":\"Imetamisn\u00f5ustajana l\u00e4htun Sinu soovidest, pakkudes lahendusi oma professionaalsete teadmiste ja aastatepikkuste kogemuste p\u00f5hjal.\",\"breadcrumb\":{\"@id\":\"https:\\\/\\\/neljastrimester.ee\\\/en\\\/imetamisnoustamine\\\/#breadcrumb\"},\"inLanguage\":\"en-GB\",\"potentialAction\":[{\"@type\":\"ReadAction\",\"target\":[\"https:\\\/\\\/neljastrimester.ee\\\/en\\\/imetamisnoustamine\\\/\"]}]},{\"@type\":\"ImageObject\",\"inLanguage\":\"en-GB\",\"@id\":\"https:\\\/\\\/neljastrimester.ee\\\/en\\\/imetamisnoustamine\\\/#primaryimage\",\"url\":\"https:\\\/\\\/neljastrimester.ee\\\/wp-content\\\/uploads\\\/2023\\\/03\\\/B57FDE94-D0C2-4EED-B3D2-88C153E51EE6-1024x683.jpeg\",\"contentUrl\":\"https:\\\/\\\/neljastrimester.ee\\\/wp-content\\\/uploads\\\/2023\\\/03\\\/B57FDE94-D0C2-4EED-B3D2-88C153E51EE6-1024x683.jpeg\"},{\"@type\":\"BreadcrumbList\",\"@id\":\"https:\\\/\\\/neljastrimester.ee\\\/en\\\/imetamisnoustamine\\\/#breadcrumb\",\"itemListElement\":[{\"@type\":\"ListItem\",\"position\":1,\"name\":\"Home\",\"item\":\"https:\\\/\\\/neljastrimester.ee\\\/\"},{\"@type\":\"ListItem\",\"position\":2,\"name\":\"Imetamisn\u00f5ustamine\"}]},{\"@type\":\"WebSite\",\"@id\":\"https:\\\/\\\/neljastrimester.ee\\\/#website\",\"url\":\"https:\\\/\\\/neljastrimester.ee\\\/\",\"name\":\"Doula Daisi - s\u00fcnnitusj\u00e4rgne tugi, imetamisn\u00f5ustamine\",\"description\":\"S\u00fcnnitusj\u00e4rgne plaan, beebipeod, imetamisn\u00f5ustamine\",\"publisher\":{\"@id\":\"https:\\\/\\\/neljastrimester.ee\\\/#organization\"},\"potentialAction\":[{\"@type\":\"SearchAction\",\"target\":{\"@type\":\"EntryPoint\",\"urlTemplate\":\"https:\\\/\\\/neljastrimester.ee\\\/?s={search_term_string}\"},\"query-input\":{\"@type\":\"PropertyValueSpecification\",\"valueRequired\":true,\"valueName\":\"search_term_string\"}}],\"inLanguage\":\"en-GB\"},{\"@type\":\"Organization\",\"@id\":\"https:\\\/\\\/neljastrimester.ee\\\/#organization\",\"name\":\"Doula Daisi - s\u00fcnnitusj\u00e4rgne tugi, imetamisn\u00f5ustamine\",\"url\":\"https:\\\/\\\/neljastrimester.ee\\\/\",\"logo\":{\"@type\":\"ImageObject\",\"inLanguage\":\"en-GB\",\"@id\":\"https:\\\/\\\/neljastrimester.ee\\\/#\\\/schema\\\/logo\\\/image\\\/\",\"url\":\"https:\\\/\\\/neljastrimester.ee\\\/wp-content\\\/uploads\\\/2023\\\/08\\\/Doula-Daisi_LOGO.jpg\",\"contentUrl\":\"https:\\\/\\\/neljastrimester.ee\\\/wp-content\\\/uploads\\\/2023\\\/08\\\/Doula-Daisi_LOGO.jpg\",\"width\":533,\"height\":533,\"caption\":\"Doula Daisi - s\u00fcnnitusj\u00e4rgne tugi, imetamisn\u00f5ustamine\"},\"image\":{\"@id\":\"https:\\\/\\\/neljastrimester.ee\\\/#\\\/schema\\\/logo\\\/image\\\/\"},\"sameAs\":[\"https:\\\/\\\/www.facebook.com\\\/douladaisi\",\"https:\\\/\\\/instagram.com\\\/douladaisi\"]}]}<\/script>\n<!-- \/ Yoast SEO plugin. -->","yoast_head_json":{"title":"Imetamisn\u00f5ustamine - Doula Daisi - s\u00fcnnitusj\u00e4rgne tugi","description":"Imetamisn\u00f5ustajana l\u00e4htun Sinu soovidest, pakkudes lahendusi oma professionaalsete teadmiste ja aastatepikkuste kogemuste p\u00f5hjal.","robots":{"index":"index","follow":"follow","max-snippet":"max-snippet:-1","max-image-preview":"max-image-preview:large","max-video-preview":"max-video-preview:-1"},"canonical":"https:\/\/neljastrimester.ee\/en\/imetamisnoustamine\/","og_locale":"en_GB","og_type":"article","og_title":"Imetamisn\u00f5ustamine - Doula Daisi - s\u00fcnnitusj\u00e4rgne tugi","og_description":"Imetamisn\u00f5ustajana l\u00e4htun Sinu soovidest, pakkudes lahendusi oma professionaalsete teadmiste ja aastatepikkuste kogemuste p\u00f5hjal.","og_url":"https:\/\/neljastrimester.ee\/en\/imetamisnoustamine\/","og_site_name":"Doula Daisi - s\u00fcnnitusj\u00e4rgne tugi","article_publisher":"https:\/\/www.facebook.com\/douladaisi","article_modified_time":"2026-04-09T10:06:40+00:00","og_image":[{"url":"https:\/\/neljastrimester.ee\/wp-content\/uploads\/2023\/03\/B57FDE94-D0C2-4EED-B3D2-88C153E51EE6-1024x683.jpeg","type":"","width":"","height":""}],"twitter_card":"summary_large_image","twitter_misc":{"Estimated reading time":"2 minutes"},"schema":{"@context":"https:\/\/schema.org","@graph":[{"@type":"WebPage","@id":"https:\/\/neljastrimester.ee\/en\/imetamisnoustamine\/","url":"https:\/\/neljastrimester.ee\/en\/imetamisnoustamine\/","name":"Imetamisn\u00f5ustamine - Doula Daisi - s\u00fcnnitusj\u00e4rgne tugi","isPartOf":{"@id":"https:\/\/neljastrimester.ee\/#website"},"primaryImageOfPage":{"@id":"https:\/\/neljastrimester.ee\/en\/imetamisnoustamine\/#primaryimage"},"image":{"@id":"https:\/\/neljastrimester.ee\/en\/imetamisnoustamine\/#primaryimage"},"thumbnailUrl":"https:\/\/neljastrimester.ee\/wp-content\/uploads\/2023\/03\/B57FDE94-D0C2-4EED-B3D2-88C153E51EE6-1024x683.jpeg","datePublished":"2023-03-21T10:22:29+00:00","dateModified":"2026-04-09T10:06:40+00:00","description":"Imetamisn\u00f5ustajana l\u00e4htun Sinu soovidest, pakkudes lahendusi oma professionaalsete teadmiste ja aastatepikkuste kogemuste p\u00f5hjal.","breadcrumb":{"@id":"https:\/\/neljastrimester.ee\/en\/imetamisnoustamine\/#breadcrumb"},"inLanguage":"en-GB","potentialAction":[{"@type":"ReadAction","target":["https:\/\/neljastrimester.ee\/en\/imetamisnoustamine\/"]}]},{"@type":"ImageObject","inLanguage":"en-GB","@id":"https:\/\/neljastrimester.ee\/en\/imetamisnoustamine\/#primaryimage","url":"https:\/\/neljastrimester.ee\/wp-content\/uploads\/2023\/03\/B57FDE94-D0C2-4EED-B3D2-88C153E51EE6-1024x683.jpeg","contentUrl":"https:\/\/neljastrimester.ee\/wp-content\/uploads\/2023\/03\/B57FDE94-D0C2-4EED-B3D2-88C153E51EE6-1024x683.jpeg"},{"@type":"BreadcrumbList","@id":"https:\/\/neljastrimester.ee\/en\/imetamisnoustamine\/#breadcrumb","itemListElement":[{"@type":"ListItem","position":1,"name":"Home","item":"https:\/\/neljastrimester.ee\/"},{"@type":"ListItem","position":2,"name":"Imetamisn\u00f5ustamine"}]},{"@type":"WebSite","@id":"https:\/\/neljastrimester.ee\/#website","url":"https:\/\/neljastrimester.ee\/","name":"Doula Daisi - postpartum doula, day doula, night doula, lactation consultant","description":"S\u00fcnnitusj\u00e4rgne plaan, beebipeod, imetamisn\u00f5ustamine","publisher":{"@id":"https:\/\/neljastrimester.ee\/#organization"},"potentialAction":[{"@type":"SearchAction","target":{"@type":"EntryPoint","urlTemplate":"https:\/\/neljastrimester.ee\/?s={search_term_string}"},"query-input":{"@type":"PropertyValueSpecification","valueRequired":true,"valueName":"search_term_string"}}],"inLanguage":"en-GB"},{"@type":"Organization","@id":"https:\/\/neljastrimester.ee\/#organization","name":"Doula Daisi - postpartum doula, day doula, night doula, lactation consultant","url":"https:\/\/neljastrimester.ee\/","logo":{"@type":"ImageObject","inLanguage":"en-GB","@id":"https:\/\/neljastrimester.ee\/#\/schema\/logo\/image\/","url":"https:\/\/neljastrimester.ee\/wp-content\/uploads\/2023\/08\/Doula-Daisi_LOGO.jpg","contentUrl":"https:\/\/neljastrimester.ee\/wp-content\/uploads\/2023\/08\/Doula-Daisi_LOGO.jpg","width":533,"height":533,"caption":"Doula Daisi - s\u00fcnnitusj\u00e4rgne tugi, imetamisn\u00f5ustamine"},"image":{"@id":"https:\/\/neljastrimester.ee\/#\/schema\/logo\/image\/"},"sameAs":["https:\/\/www.facebook.com\/douladaisi","https:\/\/instagram.com\/douladaisi"]}]}},"_links":{"self":[{"href":"https:\/\/www.neljastrimester.ee\/en\/wp-json\/wp\/v2\/pages\/19","targetHints":{"allow":["GET"]}}],"collection":[{"href":"https:\/\/www.neljastrimester.ee\/en\/wp-json\/wp\/v2\/pages"}],"about":[{"href":"https:\/\/www.neljastrimester.ee\/en\/wp-json\/wp\/v2\/types\/page"}],"author":[{"embeddable":true,"href":"https:\/\/www.neljastrimester.ee\/en\/wp-json\/wp\/v2\/users\/1"}],"replies":[{"embeddable":true,"href":"https:\/\/www.neljastrimester.ee\/en\/wp-json\/wp\/v2\/comments?post=19"}],"version-history":[{"count":5,"href":"https:\/\/www.neljastrimester.ee\/en\/wp-json\/wp\/v2\/pages\/19\/revisions"}],"predecessor-version":[{"id":1542,"href":"https:\/\/www.neljastrimester.ee\/en\/wp-json\/wp\/v2\/pages\/19\/revisions\/1542"}],"wp:attachment":[{"href":"https:\/\/www.neljastrimester.ee\/en\/wp-json\/wp\/v2\/media?parent=19"}],"curies":[{"name":"wp","href":"https:\/\/api.w.org\/{rel}","templated":true}]}}