{"id":21,"date":"2023-03-21T10:22:36","date_gmt":"2023-03-21T10:22:36","guid":{"rendered":"https:\/\/neljastrimester.ee\/?page_id=21"},"modified":"2025-06-07T21:01:43","modified_gmt":"2025-06-07T21:01:43","slug":"kinkekaart-sunnitusjargnetoetus-imetamisnoustamine","status":"publish","type":"page","link":"https:\/\/www.neljastrimester.ee\/en\/kinkekaart-sunnitusjargnetoetus-imetamisnoustamine\/","title":{"rendered":"Gift card"},"content":{"rendered":"<p>&nbsp;<\/p>\n<p><img loading=\"lazy\" decoding=\"async\" class=\"aligncenter wp-image-119\" src=\"http:\/\/neljastrimester.ee\/wp-content\/uploads\/2023\/03\/DoulaDaisi-Kinkekaart-1024x683.jpg\" alt=\"\" width=\"655\" height=\"437\" srcset=\"https:\/\/www.neljastrimester.ee\/wp-content\/uploads\/2023\/03\/DoulaDaisi-Kinkekaart-1024x683.jpg 1024w, https:\/\/www.neljastrimester.ee\/wp-content\/uploads\/2023\/03\/DoulaDaisi-Kinkekaart-scaled-600x400.jpg 600w, https:\/\/www.neljastrimester.ee\/wp-content\/uploads\/2023\/03\/DoulaDaisi-Kinkekaart-300x200.jpg 300w, https:\/\/www.neljastrimester.ee\/wp-content\/uploads\/2023\/03\/DoulaDaisi-Kinkekaart-768x512.jpg 768w, https:\/\/www.neljastrimester.ee\/wp-content\/uploads\/2023\/03\/DoulaDaisi-Kinkekaart-1536x1024.jpg 1536w, https:\/\/www.neljastrimester.ee\/wp-content\/uploads\/2023\/03\/DoulaDaisi-Kinkekaart-2048x1365.jpg 2048w\" sizes=\"auto, (max-width: 655px) 100vw, 655px\" \/><\/p>\n<h3 style=\"text-align: center;\"><strong>Give your loved one a gift card with postpartum support \/ breastfeeding advice\u00a0<\/strong><\/h3>\n<p style=\"text-align: center;\">(In Tallinn, Harku, L\u00e4\u00e4ne-Harju, Saue)<\/p>\n<p style=\"text-align: center;\">Gift cards are available in different amount of support:<\/p>\n<p style=\"text-align: center;\">1 x 2-hour visit (e.g. for breastfeeding advice): 75 EUR<\/p>\n<p style=\"text-align: center;\">2 x 2-hour visit: 150 EUR<\/p>\n<p style=\"text-align: center;\">4 x 2-hour visit: 300 EUR<\/p>\n<h4 style=\"text-align: center;\"><strong>Text on the gift card:<\/strong><\/h4>\n<p style=\"text-align: center;\"><em>When a baby is born, so is a Mother. <\/em><\/p>\n<p style=\"text-align: center;\"><em>Allow yourself to be cared for and receive this gift, <\/em><em>which includes a __ two-hour visit by a postpartum doula <\/em><em>to provide comprehensive support for you and your baby.<\/em><\/p>\n<p style=\"text-align: center;\"><em>To arrange visits and for additional information, write: doula@neljastrimester.ee or call 5198 0345<\/em><\/p>\n<p style=\"text-align: center;\"><em>Doula Daisi<\/em><br \/>\n<em>www.neljastrimester.ee<\/em><\/p>\n<p>&nbsp;<\/p>","protected":false},"excerpt":{"rendered":"<p>&nbsp; Kingi oma l\u00e4hedasele kinkekaart s\u00fcnnitusj\u00e4rgse toetuse \/ imetamisn\u00f5ustamisega\u00a0 (Tallinnas, Harku, L\u00e4\u00e4ne-Harju v\u00f5i Saue vallas) Kinkekaardid on saadaval erinevas toetuse mahus: 1 x 2-tunnine visiit (nt imetamisn\u00f5ustamiseks): 75 EUR 2 x 2-tunnine visiit: 150 EUR 4 x 2-tunnine visiit: 300 EUR. Tekst kinkekaardil: P\u00e4eval, mil s\u00fcnnib beebi, s\u00fcnnib ka ema. Luba end hoida ja v\u00f5ta [&hellip;]<\/p>\n","protected":false},"author":1,"featured_media":0,"parent":0,"menu_order":0,"comment_status":"closed","ping_status":"closed","template":"","meta":{"site-sidebar-layout":"default","site-content-layout":"plain-container","ast-site-content-layout":"normal-width-container","site-content-style":"unboxed","site-sidebar-style":"unboxed","ast-global-header-display":"","ast-banner-title-visibility":"","ast-main-header-display":"","ast-hfb-above-header-display":"","ast-hfb-below-header-display":"","ast-hfb-mobile-header-display":"","site-post-title":"disabled","ast-breadcrumbs-content":"","ast-featured-img":"disabled","footer-sml-layout":"","ast-disable-related-posts":"","theme-transparent-header-meta":"default","adv-header-id-meta":"","stick-header-meta":"","header-above-stick-meta":"","header-main-stick-meta":"","header-below-stick-meta":"","astra-migrate-meta-layouts":"set","ast-page-background-enabled":"default","ast-page-background-meta":{"desktop":{"background-color":"var(--ast-global-color-4)","background-image":"","background-repeat":"repeat","background-position":"center center","background-size":"auto","background-attachment":"scroll","background-type":"","background-media":"","overlay-type":"","overlay-color":"","overlay-opacity":"","overlay-gradient":""},"tablet":{"background-color":"","background-image":"","background-repeat":"repeat","background-position":"center center","background-size":"auto","background-attachment":"scroll","background-type":"","background-media":"","overlay-type":"","overlay-color":"","overlay-opacity":"","overlay-gradient":""},"mobile":{"background-color":"","background-image":"","background-repeat":"repeat","background-position":"center center","background-size":"auto","background-attachment":"scroll","background-type":"","background-media":"","overlay-type":"","overlay-color":"","overlay-opacity":"","overlay-gradient":""}},"ast-content-background-meta":{"desktop":{"background-color":"var(--ast-global-color-5)","background-image":"","background-repeat":"repeat","background-position":"center center","background-size":"auto","background-attachment":"scroll","background-type":"","background-media":"","overlay-type":"","overlay-color":"","overlay-opacity":"","overlay-gradient":""},"tablet":{"background-color":"var(--ast-global-color-5)","background-image":"","background-repeat":"repeat","background-position":"center center","background-size":"auto","background-attachment":"scroll","background-type":"","background-media":"","overlay-type":"","overlay-color":"","overlay-opacity":"","overlay-gradient":""},"mobile":{"background-color":"var(--ast-global-color-5)","background-image":"","background-repeat":"repeat","background-position":"center center","background-size":"auto","background-attachment":"scroll","background-type":"","background-media":"","overlay-type":"","overlay-color":"","overlay-opacity":"","overlay-gradient":""}},"footnotes":""},"class_list":["post-21","page","type-page","status-publish","hentry"],"yoast_head":"<!-- This site is optimized with the Yoast SEO plugin v27.4 - https:\/\/yoast.com\/product\/yoast-seo-wordpress\/ -->\n<title>Kinkekaart - Doula Daisi - s\u00fcnnitusj\u00e4rgne tugi<\/title>\n<meta name=\"robots\" content=\"index, follow, max-snippet:-1, max-image-preview:large, max-video-preview:-1\" \/>\n<link rel=\"canonical\" href=\"https:\/\/www.neljastrimester.ee\/en\/kinkekaart-sunnitusjargnetoetus-imetamisnoustamine\/\" \/>\n<meta property=\"og:locale\" content=\"en_GB\" \/>\n<meta property=\"og:type\" content=\"article\" \/>\n<meta property=\"og:title\" content=\"Kinkekaart - Doula Daisi - s\u00fcnnitusj\u00e4rgne tugi\" \/>\n<meta property=\"og:description\" content=\"&nbsp; Kingi oma l\u00e4hedasele kinkekaart s\u00fcnnitusj\u00e4rgse toetuse \/ imetamisn\u00f5ustamisega\u00a0 (Tallinnas, Harku, L\u00e4\u00e4ne-Harju v\u00f5i Saue vallas) Kinkekaardid on saadaval erinevas toetuse mahus: 1 x 2-tunnine visiit (nt imetamisn\u00f5ustamiseks): 75 EUR 2 x 2-tunnine visiit: 150 EUR 4 x 2-tunnine visiit: 300 EUR. Tekst kinkekaardil: P\u00e4eval, mil s\u00fcnnib beebi, s\u00fcnnib ka ema. Luba end hoida ja v\u00f5ta [&hellip;]\" \/>\n<meta property=\"og:url\" content=\"https:\/\/www.neljastrimester.ee\/en\/kinkekaart-sunnitusjargnetoetus-imetamisnoustamine\/\" \/>\n<meta property=\"og:site_name\" content=\"Doula Daisi - s\u00fcnnitusj\u00e4rgne tugi\" \/>\n<meta property=\"article:publisher\" content=\"https:\/\/www.facebook.com\/douladaisi\" \/>\n<meta property=\"article:modified_time\" content=\"2025-06-07T21:01:43+00:00\" \/>\n<meta property=\"og:image\" content=\"http:\/\/neljastrimester.ee\/wp-content\/uploads\/2023\/03\/DoulaDaisi-Kinkekaart-1024x683.jpg\" \/>\n<meta name=\"twitter:card\" content=\"summary_large_image\" \/>\n<script type=\"application\/ld+json\" class=\"yoast-schema-graph\">{\"@context\":\"https:\\\/\\\/schema.org\",\"@graph\":[{\"@type\":\"WebPage\",\"@id\":\"https:\\\/\\\/www.neljastrimester.ee\\\/kinkekaart-sunnitusjargnetoetus-imetamisnoustamine\\\/\",\"url\":\"https:\\\/\\\/www.neljastrimester.ee\\\/kinkekaart-sunnitusjargnetoetus-imetamisnoustamine\\\/\",\"name\":\"Kinkekaart - Doula Daisi - s\u00fcnnitusj\u00e4rgne tugi\",\"isPartOf\":{\"@id\":\"https:\\\/\\\/www.neljastrimester.ee\\\/#website\"},\"primaryImageOfPage\":{\"@id\":\"https:\\\/\\\/www.neljastrimester.ee\\\/kinkekaart-sunnitusjargnetoetus-imetamisnoustamine\\\/#primaryimage\"},\"image\":{\"@id\":\"https:\\\/\\\/www.neljastrimester.ee\\\/kinkekaart-sunnitusjargnetoetus-imetamisnoustamine\\\/#primaryimage\"},\"thumbnailUrl\":\"http:\\\/\\\/neljastrimester.ee\\\/wp-content\\\/uploads\\\/2023\\\/03\\\/DoulaDaisi-Kinkekaart-1024x683.jpg\",\"datePublished\":\"2023-03-21T10:22:36+00:00\",\"dateModified\":\"2025-06-07T21:01:43+00:00\",\"breadcrumb\":{\"@id\":\"https:\\\/\\\/www.neljastrimester.ee\\\/kinkekaart-sunnitusjargnetoetus-imetamisnoustamine\\\/#breadcrumb\"},\"inLanguage\":\"en-GB\",\"potentialAction\":[{\"@type\":\"ReadAction\",\"target\":[\"https:\\\/\\\/www.neljastrimester.ee\\\/kinkekaart-sunnitusjargnetoetus-imetamisnoustamine\\\/\"]}]},{\"@type\":\"ImageObject\",\"inLanguage\":\"en-GB\",\"@id\":\"https:\\\/\\\/www.neljastrimester.ee\\\/kinkekaart-sunnitusjargnetoetus-imetamisnoustamine\\\/#primaryimage\",\"url\":\"http:\\\/\\\/neljastrimester.ee\\\/wp-content\\\/uploads\\\/2023\\\/03\\\/DoulaDaisi-Kinkekaart-1024x683.jpg\",\"contentUrl\":\"http:\\\/\\\/neljastrimester.ee\\\/wp-content\\\/uploads\\\/2023\\\/03\\\/DoulaDaisi-Kinkekaart-1024x683.jpg\"},{\"@type\":\"BreadcrumbList\",\"@id\":\"https:\\\/\\\/www.neljastrimester.ee\\\/kinkekaart-sunnitusjargnetoetus-imetamisnoustamine\\\/#breadcrumb\",\"itemListElement\":[{\"@type\":\"ListItem\",\"position\":1,\"name\":\"Home\",\"item\":\"https:\\\/\\\/www.neljastrimester.ee\\\/\"},{\"@type\":\"ListItem\",\"position\":2,\"name\":\"Kinkekaart\"}]},{\"@type\":\"WebSite\",\"@id\":\"https:\\\/\\\/www.neljastrimester.ee\\\/#website\",\"url\":\"https:\\\/\\\/www.neljastrimester.ee\\\/\",\"name\":\"Doula Daisi - s\u00fcnnitusj\u00e4rgne tugi, imetamisn\u00f5ustamine\",\"description\":\"S\u00fcnnitusj\u00e4rgne plaan, beebipeod, imetamisn\u00f5ustamine\",\"publisher\":{\"@id\":\"https:\\\/\\\/www.neljastrimester.ee\\\/#organization\"},\"potentialAction\":[{\"@type\":\"SearchAction\",\"target\":{\"@type\":\"EntryPoint\",\"urlTemplate\":\"https:\\\/\\\/www.neljastrimester.ee\\\/?s={search_term_string}\"},\"query-input\":{\"@type\":\"PropertyValueSpecification\",\"valueRequired\":true,\"valueName\":\"search_term_string\"}}],\"inLanguage\":\"en-GB\"},{\"@type\":\"Organization\",\"@id\":\"https:\\\/\\\/www.neljastrimester.ee\\\/#organization\",\"name\":\"Doula Daisi - s\u00fcnnitusj\u00e4rgne tugi, imetamisn\u00f5ustamine\",\"url\":\"https:\\\/\\\/www.neljastrimester.ee\\\/\",\"logo\":{\"@type\":\"ImageObject\",\"inLanguage\":\"en-GB\",\"@id\":\"https:\\\/\\\/www.neljastrimester.ee\\\/#\\\/schema\\\/logo\\\/image\\\/\",\"url\":\"https:\\\/\\\/www.neljastrimester.ee\\\/wp-content\\\/uploads\\\/2023\\\/08\\\/Doula-Daisi_LOGO.jpg\",\"contentUrl\":\"https:\\\/\\\/www.neljastrimester.ee\\\/wp-content\\\/uploads\\\/2023\\\/08\\\/Doula-Daisi_LOGO.jpg\",\"width\":533,\"height\":533,\"caption\":\"Doula Daisi - s\u00fcnnitusj\u00e4rgne tugi, imetamisn\u00f5ustamine\"},\"image\":{\"@id\":\"https:\\\/\\\/www.neljastrimester.ee\\\/#\\\/schema\\\/logo\\\/image\\\/\"},\"sameAs\":[\"https:\\\/\\\/www.facebook.com\\\/douladaisi\",\"https:\\\/\\\/instagram.com\\\/douladaisi\"]}]}<\/script>\n<!-- \/ Yoast SEO plugin. -->","yoast_head_json":{"title":"Kinkekaart - Doula Daisi - s\u00fcnnitusj\u00e4rgne tugi","robots":{"index":"index","follow":"follow","max-snippet":"max-snippet:-1","max-image-preview":"max-image-preview:large","max-video-preview":"max-video-preview:-1"},"canonical":"https:\/\/www.neljastrimester.ee\/en\/kinkekaart-sunnitusjargnetoetus-imetamisnoustamine\/","og_locale":"en_GB","og_type":"article","og_title":"Kinkekaart - Doula Daisi - s\u00fcnnitusj\u00e4rgne tugi","og_description":"&nbsp; Kingi oma l\u00e4hedasele kinkekaart s\u00fcnnitusj\u00e4rgse toetuse \/ imetamisn\u00f5ustamisega\u00a0 (Tallinnas, Harku, L\u00e4\u00e4ne-Harju v\u00f5i Saue vallas) Kinkekaardid on saadaval erinevas toetuse mahus: 1 x 2-tunnine visiit (nt imetamisn\u00f5ustamiseks): 75 EUR 2 x 2-tunnine visiit: 150 EUR 4 x 2-tunnine visiit: 300 EUR. Tekst kinkekaardil: P\u00e4eval, mil s\u00fcnnib beebi, s\u00fcnnib ka ema. Luba end hoida ja v\u00f5ta [&hellip;]","og_url":"https:\/\/www.neljastrimester.ee\/en\/kinkekaart-sunnitusjargnetoetus-imetamisnoustamine\/","og_site_name":"Doula Daisi - s\u00fcnnitusj\u00e4rgne tugi","article_publisher":"https:\/\/www.facebook.com\/douladaisi","article_modified_time":"2025-06-07T21:01:43+00:00","og_image":[{"url":"http:\/\/neljastrimester.ee\/wp-content\/uploads\/2023\/03\/DoulaDaisi-Kinkekaart-1024x683.jpg","type":"","width":"","height":""}],"twitter_card":"summary_large_image","schema":{"@context":"https:\/\/schema.org","@graph":[{"@type":"WebPage","@id":"https:\/\/www.neljastrimester.ee\/kinkekaart-sunnitusjargnetoetus-imetamisnoustamine\/","url":"https:\/\/www.neljastrimester.ee\/kinkekaart-sunnitusjargnetoetus-imetamisnoustamine\/","name":"Kinkekaart - Doula Daisi - s\u00fcnnitusj\u00e4rgne tugi","isPartOf":{"@id":"https:\/\/www.neljastrimester.ee\/#website"},"primaryImageOfPage":{"@id":"https:\/\/www.neljastrimester.ee\/kinkekaart-sunnitusjargnetoetus-imetamisnoustamine\/#primaryimage"},"image":{"@id":"https:\/\/www.neljastrimester.ee\/kinkekaart-sunnitusjargnetoetus-imetamisnoustamine\/#primaryimage"},"thumbnailUrl":"http:\/\/neljastrimester.ee\/wp-content\/uploads\/2023\/03\/DoulaDaisi-Kinkekaart-1024x683.jpg","datePublished":"2023-03-21T10:22:36+00:00","dateModified":"2025-06-07T21:01:43+00:00","breadcrumb":{"@id":"https:\/\/www.neljastrimester.ee\/kinkekaart-sunnitusjargnetoetus-imetamisnoustamine\/#breadcrumb"},"inLanguage":"en-GB","potentialAction":[{"@type":"ReadAction","target":["https:\/\/www.neljastrimester.ee\/kinkekaart-sunnitusjargnetoetus-imetamisnoustamine\/"]}]},{"@type":"ImageObject","inLanguage":"en-GB","@id":"https:\/\/www.neljastrimester.ee\/kinkekaart-sunnitusjargnetoetus-imetamisnoustamine\/#primaryimage","url":"http:\/\/neljastrimester.ee\/wp-content\/uploads\/2023\/03\/DoulaDaisi-Kinkekaart-1024x683.jpg","contentUrl":"http:\/\/neljastrimester.ee\/wp-content\/uploads\/2023\/03\/DoulaDaisi-Kinkekaart-1024x683.jpg"},{"@type":"BreadcrumbList","@id":"https:\/\/www.neljastrimester.ee\/kinkekaart-sunnitusjargnetoetus-imetamisnoustamine\/#breadcrumb","itemListElement":[{"@type":"ListItem","position":1,"name":"Home","item":"https:\/\/www.neljastrimester.ee\/"},{"@type":"ListItem","position":2,"name":"Kinkekaart"}]},{"@type":"WebSite","@id":"https:\/\/www.neljastrimester.ee\/#website","url":"https:\/\/www.neljastrimester.ee\/","name":"Doula Daisi - postpartum doula, day doula, night doula, lactation consultant","description":"S\u00fcnnitusj\u00e4rgne plaan, beebipeod, imetamisn\u00f5ustamine","publisher":{"@id":"https:\/\/www.neljastrimester.ee\/#organization"},"potentialAction":[{"@type":"SearchAction","target":{"@type":"EntryPoint","urlTemplate":"https:\/\/www.neljastrimester.ee\/?s={search_term_string}"},"query-input":{"@type":"PropertyValueSpecification","valueRequired":true,"valueName":"search_term_string"}}],"inLanguage":"en-GB"},{"@type":"Organization","@id":"https:\/\/www.neljastrimester.ee\/#organization","name":"Doula Daisi - postpartum doula, day doula, night doula, lactation consultant","url":"https:\/\/www.neljastrimester.ee\/","logo":{"@type":"ImageObject","inLanguage":"en-GB","@id":"https:\/\/www.neljastrimester.ee\/#\/schema\/logo\/image\/","url":"https:\/\/www.neljastrimester.ee\/wp-content\/uploads\/2023\/08\/Doula-Daisi_LOGO.jpg","contentUrl":"https:\/\/www.neljastrimester.ee\/wp-content\/uploads\/2023\/08\/Doula-Daisi_LOGO.jpg","width":533,"height":533,"caption":"Doula Daisi - s\u00fcnnitusj\u00e4rgne tugi, imetamisn\u00f5ustamine"},"image":{"@id":"https:\/\/www.neljastrimester.ee\/#\/schema\/logo\/image\/"},"sameAs":["https:\/\/www.facebook.com\/douladaisi","https:\/\/instagram.com\/douladaisi"]}]}},"_links":{"self":[{"href":"https:\/\/www.neljastrimester.ee\/en\/wp-json\/wp\/v2\/pages\/21","targetHints":{"allow":["GET"]}}],"collection":[{"href":"https:\/\/www.neljastrimester.ee\/en\/wp-json\/wp\/v2\/pages"}],"about":[{"href":"https:\/\/www.neljastrimester.ee\/en\/wp-json\/wp\/v2\/types\/page"}],"author":[{"embeddable":true,"href":"https:\/\/www.neljastrimester.ee\/en\/wp-json\/wp\/v2\/users\/1"}],"replies":[{"embeddable":true,"href":"https:\/\/www.neljastrimester.ee\/en\/wp-json\/wp\/v2\/comments?post=21"}],"version-history":[{"count":5,"href":"https:\/\/www.neljastrimester.ee\/en\/wp-json\/wp\/v2\/pages\/21\/revisions"}],"predecessor-version":[{"id":817,"href":"https:\/\/www.neljastrimester.ee\/en\/wp-json\/wp\/v2\/pages\/21\/revisions\/817"}],"wp:attachment":[{"href":"https:\/\/www.neljastrimester.ee\/en\/wp-json\/wp\/v2\/media?parent=21"}],"curies":[{"name":"wp","href":"https:\/\/api.w.org\/{rel}","templated":true}]}}