{"id":71,"date":"2023-03-21T10:52:59","date_gmt":"2023-03-21T10:52:59","guid":{"rendered":"https:\/\/neljastrimester.ee\/?page_id=71"},"modified":"2026-04-22T19:20:26","modified_gmt":"2026-04-22T19:20:26","slug":"doula-daisi-2","status":"publish","type":"page","link":"https:\/\/www.neljastrimester.ee\/en\/doula-daisi-2\/","title":{"rendered":"About me"},"content":{"rendered":"<p>&nbsp;<\/p>\n<p><img loading=\"lazy\" decoding=\"async\" class=\"aligncenter wp-image-95\" src=\"http:\/\/neljastrimester.ee\/wp-content\/uploads\/2023\/03\/Minust-300x200.jpg\" alt=\"\" width=\"655\" height=\"437\" srcset=\"https:\/\/www.neljastrimester.ee\/wp-content\/uploads\/2023\/03\/Minust-300x200.jpg 300w, https:\/\/www.neljastrimester.ee\/wp-content\/uploads\/2023\/03\/Minust-scaled-600x400.jpg 600w, https:\/\/www.neljastrimester.ee\/wp-content\/uploads\/2023\/03\/Minust-1024x683.jpg 1024w, https:\/\/www.neljastrimester.ee\/wp-content\/uploads\/2023\/03\/Minust-768x512.jpg 768w, https:\/\/www.neljastrimester.ee\/wp-content\/uploads\/2023\/03\/Minust-1536x1024.jpg 1536w, https:\/\/www.neljastrimester.ee\/wp-content\/uploads\/2023\/03\/Minust-2048x1365.jpg 2048w\" sizes=\"auto, (max-width: 655px) 100vw, 655px\" \/><\/p>\n<h1 style=\"font-size: 1.8em; text-align: center; color: #a25c6b;\">About me<\/h1>\n<p>My name is Daisi. I am a mother, a postpartum doula and family caregiver, a breastfeeding counselor, an educator, and the helping hand of nurturing baby celebrations that centre and support mothers.<\/p>\n<h2 style=\"color: #a25c6b; font-size: 1.5em;\">\ud83d\udc97 My story<\/h2>\n<p>My story begins much like many journeys into motherhood:\n\nMy story begins much like many journeys into motherhood: \u201cOnce upon a time, there was a woman expecting a baby. She prepared thoroughly for birth and for welcoming her child into the sweetest little nursery. Yet it soon became clear that all those preparations had done very little to prepare her for the realities of the postpartum period. Becoming a mother turned out to be the most challenging and humbling lesson of her life.\u201d<\/p>\n<h2 style=\"color: #a25c6b; font-size: 1.5em;\">\ud83e\ude77 My motivation<\/h2>\n<p style=\"text-align: left;\">I have always been drawn to the quiet yet boundless strength that lives within women. But I had no idea how much emotional and physical resilience it takes to become the first home for a new human being, to care for them around the clock, while setting aside one\u2019s own needs and watching parts of one\u2019s identity quietly fall away.<\/p>\n<p>And yet so little is spoken about it: about the potential for healing, the brain\u2019s plasticity, heightened sensitivity, the universal principles of support \u2014 and how the absence of support can shape and affect an entire family in the long term.<\/p>\n<p style=\"text-align: left;\">The birth of a baby is a beautiful and singular event \u2014 one that also gives birth to a mother, a father, and a new family.\nA gentle birth experience and the first months outside the womb, often called the fourth trimester, lay the foundation for a healthy child \u2014 and a healthy child is the foundation of a healthy society.<\/p>\n<h2 style=\"color: #a25c6b; font-size: 1.5em;\">\ud83e\ude77 My education<\/h2>\n<ul>\n<li>2026 Diastaasi \u00f5pituba; Benkung k\u00f5husidumistehnika (Koolitaja: Aale-Triinu Sonn)<\/li>\n<li>2025-2026 Conscious Postpartum Care with Ayurvedic Principles (<a href=\"https:\/\/sacredwindowstudies.com\/about-sacred-window-studies\/\">Sacred Window Studies<\/a> USA, educators: C. Eck)<\/li>\n<li>2024 Closing the bones ritual and postpartum belly massage (Educator: N. Sanna)<\/li>\n<li>2023 Postpartum Education and Care Professional (<a href=\"https:\/\/newbornmothers.simplero.com\/products\/172434-Postpartum-Training?ref=55551-Daisi-Kuuse\">Newborn Mothers<\/a> Australia, educators: J. Jones, A. Anderson, A. Stinton, K. Cort\u00e9s)<\/li>\n<li>2023 Toddler (0-6 years) first aid (educator: K. Laube)<\/li>\n<li>2022 Maintaining and restoring mental health using music and sounds (Educator M. Vou)<\/li>\n<li>2021\/2022 Basics of children's massage (Educator M. Must)<\/li>\n<li>2021 Parenting program Wonderful Years (Educators:  I. Bachau, M. Bergstr\u00f6m)<\/li>\n<li>2020 Weaning 2-3-year-old children (Educator \u00dc. Lember)<\/li>\n<li>2020 Introduction of solid food (Educator R. Raukas)<\/li>\n<li>2020 Kinesio taping (Educator L. Toots)<\/li>\n<li>2019\u20132020 \u00b7 Doula, Family and Birth Supporter <a href=\"https:\/\/tarkustekool.ee\/\">P\u00f5listarkuste ja Rahvaravi Kool<\/a> (Educators:  K. Mikko, I. Kaok\u00fcla, E. Piirim\u00e4e, K. Lillestik, \u00dc. Lember, R. Verlin)<\/li>\n<li>2019-2020 lactation consultant training based on UNICEF materials (Educators \u00dc. Lember, R. Verlin)<\/li>\n<li>2015 Therapeutic creative writing (Educator T. K\u00f5nnussaar)<\/li>\n<li>2012 Crystal Therapy (Educator E. Veismann)<\/li>\n<\/ul>\n<p class=\"translation-block\">I belong to  <a href=\"http:\/\/www.doula.ee\" target=\"_self\">Estonian Doula Association<\/a> ja <a href=\"http:\/\/www.siet.ee\" target=\"_self\"> Estonian Birth and Breastfeeding Support Association <\/a>.<\/p>\n<h2 style=\"color: #a25c6b; font-size: 1.5em;\">Want to know more about me? You are welcome:<\/h2>\n<p><a href=\"https:\/\/on.soundcloud.com\/R1j9G\">Podcast &#8220;Beebipalavik&#8221; s\u00fcnnitusj\u00e4rgsest toetusest<\/a><\/p>\n<p><a href=\"https:\/\/open.spotify.com\/episode\/2oJC0U83zCQQG28ATz3GsQ?si=Ja_yyN3cTrapXKQKmXRqEQ\">Podcast \u201cBeebipl\u00e4ra\u201d s\u00fcnnitusj\u00e4rgse doula t\u00f6\u00f6st ja perede toetamisest<\/a><\/p>\n<p><a href=\"https:\/\/open.spotify.com\/episode\/4g8GfCwMYXbOa3ESLImwbt?si=lafytB5KR8q4YndzQEYsDQ\">Podcast \u201cBeebipalavik\u201d s\u00fcnnitusj\u00e4rgse plaani koostamisest<\/a><\/p>\n<p><a href=\"https:\/\/open.spotify.com\/episode\/0Q9T2nHVq7ODSS6QtVtMzt?si=bwQiM98QRVWhWFTeRFwD4Q\">Podcast \u201cSacred Window\u201d \u201cStrong enough to receive\u201d ENG<\/a><\/p>\n<p>&nbsp;<\/p>\n<p><strong>Dear mother, you are on this <\/strong><strong>journey just several times. You need and deserve as much support and care as your baby. Value this wonderful time, value yourself!<\/strong><\/p>\n<p>&nbsp;<\/p>\n<p><a href=\"https:\/\/sacredwindowstudies.com\"><img loading=\"lazy\" decoding=\"async\" class=\"aligncenter wp-image-1152 size-medium\" src=\"https:\/\/www.neljastrimester.ee\/wp-content\/uploads\/2025\/12\/Logo_Final_Full_Color-300x204.jpg\" alt=\"\" width=\"300\" height=\"204\" srcset=\"https:\/\/www.neljastrimester.ee\/wp-content\/uploads\/2025\/12\/Logo_Final_Full_Color-300x204.jpg 300w, https:\/\/www.neljastrimester.ee\/wp-content\/uploads\/2025\/12\/Logo_Final_Full_Color-600x407.jpg 600w, https:\/\/www.neljastrimester.ee\/wp-content\/uploads\/2025\/12\/Logo_Final_Full_Color-768x521.jpg 768w, https:\/\/www.neljastrimester.ee\/wp-content\/uploads\/2025\/12\/Logo_Final_Full_Color-18x12.jpg 18w, https:\/\/www.neljastrimester.ee\/wp-content\/uploads\/2025\/12\/Logo_Final_Full_Color.jpg 900w\" sizes=\"auto, (max-width: 300px) 100vw, 300px\" \/><\/a><\/p>\n<p>&nbsp;<\/p>\n<p><a href=\"https:\/\/newbornmothers.simplero.com\/products\/172434-Postpartum-Training?ref=55551-Daisi-Kuuse\"><img loading=\"lazy\" decoding=\"async\" class=\"aligncenter wp-image-344\" src=\"https:\/\/www.neljastrimester.ee\/wp-content\/uploads\/2023\/07\/NM-Badges-01-300x300.png\" alt=\"\" width=\"250\" height=\"250\" srcset=\"https:\/\/www.neljastrimester.ee\/wp-content\/uploads\/2023\/07\/NM-Badges-01-300x300.png 300w, https:\/\/www.neljastrimester.ee\/wp-content\/uploads\/2023\/07\/NM-Badges-01-100x100.png 100w, https:\/\/www.neljastrimester.ee\/wp-content\/uploads\/2023\/07\/NM-Badges-01-600x600.png 600w, https:\/\/www.neljastrimester.ee\/wp-content\/uploads\/2023\/07\/NM-Badges-01-1024x1024.png 1024w, https:\/\/www.neljastrimester.ee\/wp-content\/uploads\/2023\/07\/NM-Badges-01-150x150.png 150w, https:\/\/www.neljastrimester.ee\/wp-content\/uploads\/2023\/07\/NM-Badges-01-768x768.png 768w, https:\/\/www.neljastrimester.ee\/wp-content\/uploads\/2023\/07\/NM-Badges-01-1536x1536.png 1536w, https:\/\/www.neljastrimester.ee\/wp-content\/uploads\/2023\/07\/NM-Badges-01-2048x2048.png 2048w\" sizes=\"auto, (max-width: 250px) 100vw, 250px\" \/><\/a><\/p>\n<p>&nbsp;<\/p>","protected":false},"excerpt":{"rendered":"<p>&nbsp; Minust Minu nimi on Daisi, olen ema, s\u00fcnnitusj\u00e4rgne doula ja perede hoidja, imetamisn\u00f5ustaja, koolitaja ja ema toetavate beebipidude korraldaja. \ud83e\ude77 Minu lugu Minu lugu algab nii nagu paljud emaks saamise lood: \u201cOli kord \u00fcks beebiootel naine, kes valmistus v\u00e4ga p\u00f5hjalikult s\u00fcnnituseks ja beebi toomiseks k\u00f5ige nunnumasse lastetuppa. Selgus aga, et tehtud ettevalmistused polnud teda [&hellip;]<\/p>\n","protected":false},"author":1,"featured_media":0,"parent":0,"menu_order":0,"comment_status":"closed","ping_status":"closed","template":"","meta":{"site-sidebar-layout":"no-sidebar","site-content-layout":"plain-container","ast-site-content-layout":"normal-width-container","site-content-style":"unboxed","site-sidebar-style":"unboxed","ast-global-header-display":"","ast-banner-title-visibility":"","ast-main-header-display":"","ast-hfb-above-header-display":"","ast-hfb-below-header-display":"","ast-hfb-mobile-header-display":"","site-post-title":"disabled","ast-breadcrumbs-content":"","ast-featured-img":"disabled","footer-sml-layout":"","ast-disable-related-posts":"","theme-transparent-header-meta":"default","adv-header-id-meta":"","stick-header-meta":"","header-above-stick-meta":"","header-main-stick-meta":"","header-below-stick-meta":"","astra-migrate-meta-layouts":"set","ast-page-background-enabled":"default","ast-page-background-meta":{"desktop":{"background-color":"var(--ast-global-color-4)","background-image":"","background-repeat":"repeat","background-position":"center center","background-size":"auto","background-attachment":"scroll","background-type":"","background-media":"","overlay-type":"","overlay-color":"","overlay-opacity":"","overlay-gradient":""},"tablet":{"background-color":"","background-image":"","background-repeat":"repeat","background-position":"center center","background-size":"auto","background-attachment":"scroll","background-type":"","background-media":"","overlay-type":"","overlay-color":"","overlay-opacity":"","overlay-gradient":""},"mobile":{"background-color":"","background-image":"","background-repeat":"repeat","background-position":"center center","background-size":"auto","background-attachment":"scroll","background-type":"","background-media":"","overlay-type":"","overlay-color":"","overlay-opacity":"","overlay-gradient":""}},"ast-content-background-meta":{"desktop":{"background-color":"var(--ast-global-color-5)","background-image":"","background-repeat":"repeat","background-position":"center center","background-size":"auto","background-attachment":"scroll","background-type":"","background-media":"","overlay-type":"","overlay-color":"","overlay-opacity":"","overlay-gradient":""},"tablet":{"background-color":"var(--ast-global-color-5)","background-image":"","background-repeat":"repeat","background-position":"center center","background-size":"auto","background-attachment":"scroll","background-type":"","background-media":"","overlay-type":"","overlay-color":"","overlay-opacity":"","overlay-gradient":""},"mobile":{"background-color":"var(--ast-global-color-5)","background-image":"","background-repeat":"repeat","background-position":"center center","background-size":"auto","background-attachment":"scroll","background-type":"","background-media":"","overlay-type":"","overlay-color":"","overlay-opacity":"","overlay-gradient":""}},"footnotes":""},"class_list":["post-71","page","type-page","status-publish","hentry"],"yoast_head":"<!-- This site is optimized with the Yoast SEO plugin v27.4 - https:\/\/yoast.com\/product\/yoast-seo-wordpress\/ -->\n<title>Minust - Doula Daisi - s\u00fcnnitusj\u00e4rgne tugi<\/title>\n<meta name=\"robots\" content=\"index, follow, max-snippet:-1, max-image-preview:large, max-video-preview:-1\" \/>\n<link rel=\"canonical\" href=\"https:\/\/neljastrimester.ee\/doula-daisi-2\/\" \/>\n<meta property=\"og:locale\" content=\"en_GB\" \/>\n<meta property=\"og:type\" content=\"article\" \/>\n<meta property=\"og:title\" content=\"Minust - Doula Daisi - s\u00fcnnitusj\u00e4rgne tugi\" \/>\n<meta property=\"og:description\" content=\"&nbsp; Minust Minu nimi on Daisi, olen ema, s\u00fcnnitusj\u00e4rgne doula ja perede hoidja, imetamisn\u00f5ustaja, koolitaja ja ema toetavate beebipidude korraldaja. \ud83e\ude77 Minu lugu Minu lugu algab nii nagu paljud emaks saamise lood: \u201cOli kord \u00fcks beebiootel naine, kes valmistus v\u00e4ga p\u00f5hjalikult s\u00fcnnituseks ja beebi toomiseks k\u00f5ige nunnumasse lastetuppa. Selgus aga, et tehtud ettevalmistused polnud teda [&hellip;]\" \/>\n<meta property=\"og:url\" content=\"https:\/\/neljastrimester.ee\/doula-daisi-2\/\" \/>\n<meta property=\"og:site_name\" content=\"Doula Daisi - s\u00fcnnitusj\u00e4rgne tugi\" \/>\n<meta property=\"article:publisher\" content=\"https:\/\/www.facebook.com\/douladaisi\" \/>\n<meta property=\"article:modified_time\" content=\"2026-04-22T19:20:26+00:00\" \/>\n<meta property=\"og:image\" content=\"http:\/\/neljastrimester.ee\/wp-content\/uploads\/2023\/03\/Minust-300x200.jpg\" \/>\n<meta name=\"twitter:card\" content=\"summary_large_image\" \/>\n<meta name=\"twitter:label1\" content=\"Estimated reading time\" \/>\n\t<meta name=\"twitter:data1\" content=\"3 minutes\" \/>\n<script type=\"application\/ld+json\" class=\"yoast-schema-graph\">{\"@context\":\"https:\\\/\\\/schema.org\",\"@graph\":[{\"@type\":\"WebPage\",\"@id\":\"https:\\\/\\\/neljastrimester.ee\\\/doula-daisi-2\\\/\",\"url\":\"https:\\\/\\\/neljastrimester.ee\\\/doula-daisi-2\\\/\",\"name\":\"Minust - Doula Daisi - s\u00fcnnitusj\u00e4rgne tugi\",\"isPartOf\":{\"@id\":\"http:\\\/\\\/www.neljastrimester.ee\\\/en\\\/#website\"},\"primaryImageOfPage\":{\"@id\":\"https:\\\/\\\/neljastrimester.ee\\\/doula-daisi-2\\\/#primaryimage\"},\"image\":{\"@id\":\"https:\\\/\\\/neljastrimester.ee\\\/doula-daisi-2\\\/#primaryimage\"},\"thumbnailUrl\":\"http:\\\/\\\/neljastrimester.ee\\\/wp-content\\\/uploads\\\/2023\\\/03\\\/Minust-300x200.jpg\",\"datePublished\":\"2023-03-21T10:52:59+00:00\",\"dateModified\":\"2026-04-22T19:20:26+00:00\",\"breadcrumb\":{\"@id\":\"https:\\\/\\\/neljastrimester.ee\\\/doula-daisi-2\\\/#breadcrumb\"},\"inLanguage\":\"en-GB\",\"potentialAction\":[{\"@type\":\"ReadAction\",\"target\":[\"https:\\\/\\\/neljastrimester.ee\\\/doula-daisi-2\\\/\"]}]},{\"@type\":\"ImageObject\",\"inLanguage\":\"en-GB\",\"@id\":\"https:\\\/\\\/neljastrimester.ee\\\/doula-daisi-2\\\/#primaryimage\",\"url\":\"http:\\\/\\\/neljastrimester.ee\\\/wp-content\\\/uploads\\\/2023\\\/03\\\/Minust-300x200.jpg\",\"contentUrl\":\"http:\\\/\\\/neljastrimester.ee\\\/wp-content\\\/uploads\\\/2023\\\/03\\\/Minust-300x200.jpg\"},{\"@type\":\"BreadcrumbList\",\"@id\":\"https:\\\/\\\/neljastrimester.ee\\\/doula-daisi-2\\\/#breadcrumb\",\"itemListElement\":[{\"@type\":\"ListItem\",\"position\":1,\"name\":\"Home\",\"item\":\"https:\\\/\\\/www.neljastrimester.ee\\\/\"},{\"@type\":\"ListItem\",\"position\":2,\"name\":\"Minust\"}]},{\"@type\":\"WebSite\",\"@id\":\"http:\\\/\\\/www.neljastrimester.ee\\\/en\\\/#website\",\"url\":\"http:\\\/\\\/www.neljastrimester.ee\\\/en\\\/\",\"name\":\"Doula Daisi - s\u00fcnnitusj\u00e4rgne tugi, imetamisn\u00f5ustamine\",\"description\":\"S\u00fcnnitusj\u00e4rgne plaan, beebipeod, imetamisn\u00f5ustamine\",\"publisher\":{\"@id\":\"http:\\\/\\\/www.neljastrimester.ee\\\/en\\\/#organization\"},\"potentialAction\":[{\"@type\":\"SearchAction\",\"target\":{\"@type\":\"EntryPoint\",\"urlTemplate\":\"http:\\\/\\\/www.neljastrimester.ee\\\/en\\\/?s={search_term_string}\"},\"query-input\":{\"@type\":\"PropertyValueSpecification\",\"valueRequired\":true,\"valueName\":\"search_term_string\"}}],\"inLanguage\":\"en-GB\"},{\"@type\":\"Organization\",\"@id\":\"http:\\\/\\\/www.neljastrimester.ee\\\/en\\\/#organization\",\"name\":\"Doula Daisi - s\u00fcnnitusj\u00e4rgne tugi, imetamisn\u00f5ustamine\",\"url\":\"http:\\\/\\\/www.neljastrimester.ee\\\/en\\\/\",\"logo\":{\"@type\":\"ImageObject\",\"inLanguage\":\"en-GB\",\"@id\":\"http:\\\/\\\/www.neljastrimester.ee\\\/en\\\/#\\\/schema\\\/logo\\\/image\\\/\",\"url\":\"https:\\\/\\\/www.neljastrimester.ee\\\/wp-content\\\/uploads\\\/2023\\\/08\\\/Doula-Daisi_LOGO.jpg\",\"contentUrl\":\"https:\\\/\\\/www.neljastrimester.ee\\\/wp-content\\\/uploads\\\/2023\\\/08\\\/Doula-Daisi_LOGO.jpg\",\"width\":533,\"height\":533,\"caption\":\"Doula Daisi - s\u00fcnnitusj\u00e4rgne tugi, imetamisn\u00f5ustamine\"},\"image\":{\"@id\":\"http:\\\/\\\/www.neljastrimester.ee\\\/en\\\/#\\\/schema\\\/logo\\\/image\\\/\"},\"sameAs\":[\"https:\\\/\\\/www.facebook.com\\\/douladaisi\",\"https:\\\/\\\/instagram.com\\\/douladaisi\"]}]}<\/script>\n<!-- \/ Yoast SEO plugin. -->","yoast_head_json":{"title":"Minust - Doula Daisi - s\u00fcnnitusj\u00e4rgne tugi","robots":{"index":"index","follow":"follow","max-snippet":"max-snippet:-1","max-image-preview":"max-image-preview:large","max-video-preview":"max-video-preview:-1"},"canonical":"https:\/\/neljastrimester.ee\/doula-daisi-2\/","og_locale":"en_GB","og_type":"article","og_title":"Minust - Doula Daisi - s\u00fcnnitusj\u00e4rgne tugi","og_description":"&nbsp; Minust Minu nimi on Daisi, olen ema, s\u00fcnnitusj\u00e4rgne doula ja perede hoidja, imetamisn\u00f5ustaja, koolitaja ja ema toetavate beebipidude korraldaja. \ud83e\ude77 Minu lugu Minu lugu algab nii nagu paljud emaks saamise lood: \u201cOli kord \u00fcks beebiootel naine, kes valmistus v\u00e4ga p\u00f5hjalikult s\u00fcnnituseks ja beebi toomiseks k\u00f5ige nunnumasse lastetuppa. Selgus aga, et tehtud ettevalmistused polnud teda [&hellip;]","og_url":"https:\/\/neljastrimester.ee\/doula-daisi-2\/","og_site_name":"Doula Daisi - s\u00fcnnitusj\u00e4rgne tugi","article_publisher":"https:\/\/www.facebook.com\/douladaisi","article_modified_time":"2026-04-22T19:20:26+00:00","og_image":[{"url":"http:\/\/neljastrimester.ee\/wp-content\/uploads\/2023\/03\/Minust-300x200.jpg","type":"","width":"","height":""}],"twitter_card":"summary_large_image","twitter_misc":{"Estimated reading time":"3 minutes"},"schema":{"@context":"https:\/\/schema.org","@graph":[{"@type":"WebPage","@id":"https:\/\/neljastrimester.ee\/doula-daisi-2\/","url":"https:\/\/neljastrimester.ee\/doula-daisi-2\/","name":"Minust - Doula Daisi - s\u00fcnnitusj\u00e4rgne tugi","isPartOf":{"@id":"http:\/\/www.neljastrimester.ee\/en\/#website"},"primaryImageOfPage":{"@id":"https:\/\/neljastrimester.ee\/doula-daisi-2\/#primaryimage"},"image":{"@id":"https:\/\/neljastrimester.ee\/doula-daisi-2\/#primaryimage"},"thumbnailUrl":"http:\/\/neljastrimester.ee\/wp-content\/uploads\/2023\/03\/Minust-300x200.jpg","datePublished":"2023-03-21T10:52:59+00:00","dateModified":"2026-04-22T19:20:26+00:00","breadcrumb":{"@id":"https:\/\/neljastrimester.ee\/doula-daisi-2\/#breadcrumb"},"inLanguage":"en-GB","potentialAction":[{"@type":"ReadAction","target":["https:\/\/neljastrimester.ee\/doula-daisi-2\/"]}]},{"@type":"ImageObject","inLanguage":"en-GB","@id":"https:\/\/neljastrimester.ee\/doula-daisi-2\/#primaryimage","url":"http:\/\/neljastrimester.ee\/wp-content\/uploads\/2023\/03\/Minust-300x200.jpg","contentUrl":"http:\/\/neljastrimester.ee\/wp-content\/uploads\/2023\/03\/Minust-300x200.jpg"},{"@type":"BreadcrumbList","@id":"https:\/\/neljastrimester.ee\/doula-daisi-2\/#breadcrumb","itemListElement":[{"@type":"ListItem","position":1,"name":"Home","item":"https:\/\/www.neljastrimester.ee\/"},{"@type":"ListItem","position":2,"name":"Minust"}]},{"@type":"WebSite","@id":"http:\/\/www.neljastrimester.ee\/en\/#website","url":"http:\/\/www.neljastrimester.ee\/en\/","name":"Doula Daisi - postpartum doula, day doula, night doula, lactation consultant","description":"S\u00fcnnitusj\u00e4rgne plaan, beebipeod, imetamisn\u00f5ustamine","publisher":{"@id":"http:\/\/www.neljastrimester.ee\/en\/#organization"},"potentialAction":[{"@type":"SearchAction","target":{"@type":"EntryPoint","urlTemplate":"http:\/\/www.neljastrimester.ee\/en\/?s={search_term_string}"},"query-input":{"@type":"PropertyValueSpecification","valueRequired":true,"valueName":"search_term_string"}}],"inLanguage":"en-GB"},{"@type":"Organization","@id":"http:\/\/www.neljastrimester.ee\/en\/#organization","name":"Doula Daisi - postpartum doula, day doula, night doula, lactation consultant","url":"http:\/\/www.neljastrimester.ee\/en\/","logo":{"@type":"ImageObject","inLanguage":"en-GB","@id":"http:\/\/www.neljastrimester.ee\/en\/#\/schema\/logo\/image\/","url":"https:\/\/www.neljastrimester.ee\/wp-content\/uploads\/2023\/08\/Doula-Daisi_LOGO.jpg","contentUrl":"https:\/\/www.neljastrimester.ee\/wp-content\/uploads\/2023\/08\/Doula-Daisi_LOGO.jpg","width":533,"height":533,"caption":"Doula Daisi - s\u00fcnnitusj\u00e4rgne tugi, imetamisn\u00f5ustamine"},"image":{"@id":"http:\/\/www.neljastrimester.ee\/en\/#\/schema\/logo\/image\/"},"sameAs":["https:\/\/www.facebook.com\/douladaisi","https:\/\/instagram.com\/douladaisi"]}]}},"_links":{"self":[{"href":"https:\/\/www.neljastrimester.ee\/en\/wp-json\/wp\/v2\/pages\/71","targetHints":{"allow":["GET"]}}],"collection":[{"href":"https:\/\/www.neljastrimester.ee\/en\/wp-json\/wp\/v2\/pages"}],"about":[{"href":"https:\/\/www.neljastrimester.ee\/en\/wp-json\/wp\/v2\/types\/page"}],"author":[{"embeddable":true,"href":"https:\/\/www.neljastrimester.ee\/en\/wp-json\/wp\/v2\/users\/1"}],"replies":[{"embeddable":true,"href":"https:\/\/www.neljastrimester.ee\/en\/wp-json\/wp\/v2\/comments?post=71"}],"version-history":[{"count":7,"href":"https:\/\/www.neljastrimester.ee\/en\/wp-json\/wp\/v2\/pages\/71\/revisions"}],"predecessor-version":[{"id":1547,"href":"https:\/\/www.neljastrimester.ee\/en\/wp-json\/wp\/v2\/pages\/71\/revisions\/1547"}],"wp:attachment":[{"href":"https:\/\/www.neljastrimester.ee\/en\/wp-json\/wp\/v2\/media?parent=71"}],"curies":[{"name":"wp","href":"https:\/\/api.w.org\/{rel}","templated":true}]}}