{"id":1400,"date":"2026-01-25T22:00:10","date_gmt":"2026-01-25T22:00:10","guid":{"rendered":"https:\/\/www.neljastrimester.ee\/?post_type=product&#038;p=1400"},"modified":"2026-01-26T21:57:55","modified_gmt":"2026-01-26T21:57:55","slug":"online-noustamine","status":"publish","type":"product","link":"https:\/\/www.neljastrimester.ee\/en\/product\/online-noustamine\/","title":{"rendered":"Online support 45 min \ud83c\uddea\ud83c\uddea \ud83c\uddec\ud83c\udde7"},"content":{"rendered":"<p>Online counselling that creates a safe, calm, and supportive space \u2014 I meet you exactly where you are.<\/p>\n<p>This session takes place via Zoom and is a gentle option if you\u2019re looking for support without leaving home, or if you need quick, flexible, and personally tailored guidance.<\/p>\n<p><strong>During the online session<\/strong><\/p>\n<p>You have space to share your experiences, feelings, and questions<\/p>\n<p>I support your postpartum recovery both emotionally and through practical guidance<\/p>\n<p>We talk through baby care, breastfeeding, sleep, and everyday challenges<\/p>\n<p>We create clarity and grounding in moments that feel confusing or overwhelming<\/p>\n<p>\u2022 keskendume sellele, mis on just praegu sinu jaoks k\u00f5ige olulisem<\/p>\n<p><strong>How to book? <\/strong><\/p>\n<p>To book, choose a suitable time from the calendar and complete your payment through the checkout.\nYour booking will be confirmed once payment has been received. <\/p>\n<p><!-- Calendly inline widget begin --><\/p>\n<div class=\"calendly-inline-widget\" style=\"min-width: 320px; height: 700px;\" data-url=\"https:\/\/calendly.com\/douladaisi\/45?hide_event_type_details=1&amp;background_color=fff5f8&amp;text_color=6f6868&amp;primary_color=8ab08a\"><\/div>\n<p><script type=\"text\/javascript\" src=\"https:\/\/assets.calendly.com\/assets\/external\/widget.js\" async><\/script><br \/>\n<!-- Calendly inline widget end --><\/p>","protected":false},"excerpt":{"rendered":"<p>A safe and supportive 1:1 online consultation via Zoom.<\/p>\n<p>Ideal if you\u2019re looking for flexible support during the postpartum period, without leaving the comfort of your home.<\/p>\n<p>The focus is on your current needs \u2014 recovery, baby care, sleep, and emotional support.<\/p>\n<p>A personally tailored session, shaped around you.<\/p>\n<p>Languages: Estonian \/ English<\/p>","protected":false},"featured_media":1476,"template":"","meta":{"site-sidebar-layout":"default","site-content-layout":"","ast-site-content-layout":"default","site-content-style":"default","site-sidebar-style":"default","ast-global-header-display":"","ast-banner-title-visibility":"","ast-main-header-display":"","ast-hfb-above-header-display":"","ast-hfb-below-header-display":"","ast-hfb-mobile-header-display":"","site-post-title":"disabled","ast-breadcrumbs-content":"","ast-featured-img":"","footer-sml-layout":"","ast-disable-related-posts":"","theme-transparent-header-meta":"default","adv-header-id-meta":"","stick-header-meta":"","header-above-stick-meta":"","header-main-stick-meta":"","header-below-stick-meta":"","astra-migrate-meta-layouts":"set","ast-page-background-enabled":"default","ast-page-background-meta":{"desktop":{"background-color":"var(--ast-global-color-4)","background-image":"","background-repeat":"repeat","background-position":"center center","background-size":"auto","background-attachment":"scroll","background-type":"","background-media":"","overlay-type":"","overlay-color":"","overlay-opacity":"","overlay-gradient":""},"tablet":{"background-color":"","background-image":"","background-repeat":"repeat","background-position":"center center","background-size":"auto","background-attachment":"scroll","background-type":"","background-media":"","overlay-type":"","overlay-color":"","overlay-opacity":"","overlay-gradient":""},"mobile":{"background-color":"","background-image":"","background-repeat":"repeat","background-position":"center center","background-size":"auto","background-attachment":"scroll","background-type":"","background-media":"","overlay-type":"","overlay-color":"","overlay-opacity":"","overlay-gradient":""}},"ast-content-background-meta":{"desktop":{"background-color":"var(--ast-global-color-5)","background-image":"","background-repeat":"repeat","background-position":"center center","background-size":"auto","background-attachment":"scroll","background-type":"","background-media":"","overlay-type":"","overlay-color":"","overlay-opacity":"","overlay-gradient":""},"tablet":{"background-color":"var(--ast-global-color-5)","background-image":"","background-repeat":"repeat","background-position":"center center","background-size":"auto","background-attachment":"scroll","background-type":"","background-media":"","overlay-type":"","overlay-color":"","overlay-opacity":"","overlay-gradient":""},"mobile":{"background-color":"var(--ast-global-color-5)","background-image":"","background-repeat":"repeat","background-position":"center center","background-size":"auto","background-attachment":"scroll","background-type":"","background-media":"","overlay-type":"","overlay-color":"","overlay-opacity":"","overlay-gradient":""}}},"product_brand":[],"product_cat":[35],"product_tag":[],"class_list":{"0":"post-1400","1":"product","2":"type-product","3":"status-publish","4":"has-post-thumbnail","6":"product_cat-toetus","7":"desktop-align-left","8":"tablet-align-left","9":"mobile-align-left","11":"first","12":"instock","13":"shipping-taxable","14":"purchasable","15":"product-type-simple"},"yoast_head":"<!-- This site is optimized with the Yoast SEO plugin v27.4 - https:\/\/yoast.com\/product\/yoast-seo-wordpress\/ -->\n<title>Online-n\u00f5ustamine 45 min \ud83c\uddea\ud83c\uddea \ud83c\uddec\ud83c\udde7 - Doula Daisi - s\u00fcnnitusj\u00e4rgne tugi<\/title>\n<meta name=\"robots\" content=\"index, follow, max-snippet:-1, max-image-preview:large, max-video-preview:-1\" \/>\n<link rel=\"canonical\" href=\"https:\/\/www.neljastrimester.ee\/en\/product\/online-noustamine\/\" \/>\n<meta property=\"og:locale\" content=\"en_GB\" \/>\n<meta property=\"og:type\" content=\"article\" \/>\n<meta property=\"og:title\" content=\"Online-n\u00f5ustamine 45 min \ud83c\uddea\ud83c\uddea \ud83c\uddec\ud83c\udde7 - Doula Daisi - s\u00fcnnitusj\u00e4rgne tugi\" \/>\n<meta property=\"og:description\" content=\"Turvaline ja toetav 1:1 online-n\u00f5ustamine Zoomi kaudu.  Sobib, kui vajad paindlikku tuge s\u00fcnnitusj\u00e4rgsel perioodil, kodust lahkumata.  Fookus on sinu hetkevajadustel: taastumine, beebi hooldus, uni ja emotsionaalne tugi.  Personaalselt kohandatud kohtumine.  Keeled: eesti \/ inglise.\" \/>\n<meta property=\"og:url\" content=\"https:\/\/www.neljastrimester.ee\/en\/product\/online-noustamine\/\" \/>\n<meta property=\"og:site_name\" content=\"Doula Daisi - s\u00fcnnitusj\u00e4rgne tugi\" \/>\n<meta property=\"article:publisher\" content=\"https:\/\/www.facebook.com\/douladaisi\" \/>\n<meta property=\"article:modified_time\" content=\"2026-01-26T21:57:55+00:00\" \/>\n<meta property=\"og:image\" content=\"https:\/\/neljastrimester.ee\/wp-content\/uploads\/2026\/01\/20260126_231936_0000.png\" \/>\n\t<meta property=\"og:image:width\" content=\"1200\" \/>\n\t<meta property=\"og:image:height\" content=\"1200\" \/>\n\t<meta property=\"og:image:type\" content=\"image\/png\" \/>\n<meta name=\"twitter:card\" content=\"summary_large_image\" \/>\n<meta name=\"twitter:label1\" content=\"Estimated reading time\" \/>\n\t<meta name=\"twitter:data1\" content=\"1 minute\" \/>\n<script type=\"application\/ld+json\" class=\"yoast-schema-graph\">{\"@context\":\"https:\\\/\\\/schema.org\",\"@graph\":[{\"@type\":\"WebPage\",\"@id\":\"https:\\\/\\\/www.neljastrimester.ee\\\/toode\\\/online-noustamine\\\/\",\"url\":\"https:\\\/\\\/www.neljastrimester.ee\\\/toode\\\/online-noustamine\\\/\",\"name\":\"Online-n\u00f5ustamine 45 min \ud83c\uddea\ud83c\uddea \ud83c\uddec\ud83c\udde7 - Doula Daisi - s\u00fcnnitusj\u00e4rgne tugi\",\"isPartOf\":{\"@id\":\"https:\\\/\\\/neljastrimester.ee\\\/en\\\/#website\"},\"primaryImageOfPage\":{\"@id\":\"https:\\\/\\\/www.neljastrimester.ee\\\/toode\\\/online-noustamine\\\/#primaryimage\"},\"image\":{\"@id\":\"https:\\\/\\\/www.neljastrimester.ee\\\/toode\\\/online-noustamine\\\/#primaryimage\"},\"thumbnailUrl\":\"https:\\\/\\\/www.neljastrimester.ee\\\/wp-content\\\/uploads\\\/2026\\\/01\\\/20260126_231936_0000.png\",\"datePublished\":\"2026-01-25T22:00:10+00:00\",\"dateModified\":\"2026-01-26T21:57:55+00:00\",\"breadcrumb\":{\"@id\":\"https:\\\/\\\/www.neljastrimester.ee\\\/toode\\\/online-noustamine\\\/#breadcrumb\"},\"inLanguage\":\"en-GB\",\"potentialAction\":[{\"@type\":\"ReadAction\",\"target\":[\"https:\\\/\\\/www.neljastrimester.ee\\\/toode\\\/online-noustamine\\\/\"]}]},{\"@type\":\"ImageObject\",\"inLanguage\":\"en-GB\",\"@id\":\"https:\\\/\\\/www.neljastrimester.ee\\\/toode\\\/online-noustamine\\\/#primaryimage\",\"url\":\"https:\\\/\\\/www.neljastrimester.ee\\\/wp-content\\\/uploads\\\/2026\\\/01\\\/20260126_231936_0000.png\",\"contentUrl\":\"https:\\\/\\\/www.neljastrimester.ee\\\/wp-content\\\/uploads\\\/2026\\\/01\\\/20260126_231936_0000.png\",\"width\":1200,\"height\":1200},{\"@type\":\"BreadcrumbList\",\"@id\":\"https:\\\/\\\/www.neljastrimester.ee\\\/toode\\\/online-noustamine\\\/#breadcrumb\",\"itemListElement\":[{\"@type\":\"ListItem\",\"position\":1,\"name\":\"Home\",\"item\":\"https:\\\/\\\/neljastrimester.ee\\\/en\\\/\"},{\"@type\":\"ListItem\",\"position\":2,\"name\":\"\u00d5pi ja koge\",\"item\":\"https:\\\/\\\/www.neljastrimester.ee\\\/pood\\\/\"},{\"@type\":\"ListItem\",\"position\":3,\"name\":\"Online-n\u00f5ustamine 45 min \ud83c\uddea\ud83c\uddea \ud83c\uddec\ud83c\udde7\"}]},{\"@type\":\"WebSite\",\"@id\":\"https:\\\/\\\/neljastrimester.ee\\\/en\\\/#website\",\"url\":\"https:\\\/\\\/neljastrimester.ee\\\/en\\\/\",\"name\":\"Doula Daisi - s\u00fcnnitusj\u00e4rgne tugi, imetamisn\u00f5ustamine\",\"description\":\"S\u00fcnnitusj\u00e4rgne plaan, beebipeod, imetamisn\u00f5ustamine\",\"publisher\":{\"@id\":\"https:\\\/\\\/neljastrimester.ee\\\/en\\\/#organization\"},\"potentialAction\":[{\"@type\":\"SearchAction\",\"target\":{\"@type\":\"EntryPoint\",\"urlTemplate\":\"https:\\\/\\\/neljastrimester.ee\\\/en\\\/?s={search_term_string}\"},\"query-input\":{\"@type\":\"PropertyValueSpecification\",\"valueRequired\":true,\"valueName\":\"search_term_string\"}}],\"inLanguage\":\"en-GB\"},{\"@type\":\"Organization\",\"@id\":\"https:\\\/\\\/neljastrimester.ee\\\/en\\\/#organization\",\"name\":\"Doula Daisi - s\u00fcnnitusj\u00e4rgne tugi, imetamisn\u00f5ustamine\",\"url\":\"https:\\\/\\\/neljastrimester.ee\\\/en\\\/\",\"logo\":{\"@type\":\"ImageObject\",\"inLanguage\":\"en-GB\",\"@id\":\"https:\\\/\\\/neljastrimester.ee\\\/en\\\/#\\\/schema\\\/logo\\\/image\\\/\",\"url\":\"https:\\\/\\\/www.neljastrimester.ee\\\/wp-content\\\/uploads\\\/2023\\\/08\\\/Doula-Daisi_LOGO.jpg\",\"contentUrl\":\"https:\\\/\\\/www.neljastrimester.ee\\\/wp-content\\\/uploads\\\/2023\\\/08\\\/Doula-Daisi_LOGO.jpg\",\"width\":533,\"height\":533,\"caption\":\"Doula Daisi - s\u00fcnnitusj\u00e4rgne tugi, imetamisn\u00f5ustamine\"},\"image\":{\"@id\":\"https:\\\/\\\/neljastrimester.ee\\\/en\\\/#\\\/schema\\\/logo\\\/image\\\/\"},\"sameAs\":[\"https:\\\/\\\/www.facebook.com\\\/douladaisi\",\"https:\\\/\\\/instagram.com\\\/douladaisi\"]}]}<\/script>\n<!-- \/ Yoast SEO plugin. -->","yoast_head_json":{"title":"Online-n\u00f5ustamine 45 min \ud83c\uddea\ud83c\uddea \ud83c\uddec\ud83c\udde7 - Doula Daisi - s\u00fcnnitusj\u00e4rgne tugi","robots":{"index":"index","follow":"follow","max-snippet":"max-snippet:-1","max-image-preview":"max-image-preview:large","max-video-preview":"max-video-preview:-1"},"canonical":"https:\/\/www.neljastrimester.ee\/en\/product\/online-noustamine\/","og_locale":"en_GB","og_type":"article","og_title":"Online-n\u00f5ustamine 45 min \ud83c\uddea\ud83c\uddea \ud83c\uddec\ud83c\udde7 - Doula Daisi - s\u00fcnnitusj\u00e4rgne tugi","og_description":"Turvaline ja toetav 1:1 online-n\u00f5ustamine Zoomi kaudu.  Sobib, kui vajad paindlikku tuge s\u00fcnnitusj\u00e4rgsel perioodil, kodust lahkumata.  Fookus on sinu hetkevajadustel: taastumine, beebi hooldus, uni ja emotsionaalne tugi.  Personaalselt kohandatud kohtumine.  Keeled: eesti \/ inglise.","og_url":"https:\/\/www.neljastrimester.ee\/en\/product\/online-noustamine\/","og_site_name":"Doula Daisi - s\u00fcnnitusj\u00e4rgne tugi","article_publisher":"https:\/\/www.facebook.com\/douladaisi","article_modified_time":"2026-01-26T21:57:55+00:00","og_image":[{"width":1200,"height":1200,"url":"https:\/\/neljastrimester.ee\/wp-content\/uploads\/2026\/01\/20260126_231936_0000.png","type":"image\/png"}],"twitter_card":"summary_large_image","twitter_misc":{"Estimated reading time":"1 minute"},"schema":{"@context":"https:\/\/schema.org","@graph":[{"@type":"WebPage","@id":"https:\/\/www.neljastrimester.ee\/toode\/online-noustamine\/","url":"https:\/\/www.neljastrimester.ee\/toode\/online-noustamine\/","name":"Online-n\u00f5ustamine 45 min \ud83c\uddea\ud83c\uddea \ud83c\uddec\ud83c\udde7 - Doula Daisi - s\u00fcnnitusj\u00e4rgne tugi","isPartOf":{"@id":"https:\/\/neljastrimester.ee\/en\/#website"},"primaryImageOfPage":{"@id":"https:\/\/www.neljastrimester.ee\/toode\/online-noustamine\/#primaryimage"},"image":{"@id":"https:\/\/www.neljastrimester.ee\/toode\/online-noustamine\/#primaryimage"},"thumbnailUrl":"https:\/\/www.neljastrimester.ee\/wp-content\/uploads\/2026\/01\/20260126_231936_0000.png","datePublished":"2026-01-25T22:00:10+00:00","dateModified":"2026-01-26T21:57:55+00:00","breadcrumb":{"@id":"https:\/\/www.neljastrimester.ee\/toode\/online-noustamine\/#breadcrumb"},"inLanguage":"en-GB","potentialAction":[{"@type":"ReadAction","target":["https:\/\/www.neljastrimester.ee\/toode\/online-noustamine\/"]}]},{"@type":"ImageObject","inLanguage":"en-GB","@id":"https:\/\/www.neljastrimester.ee\/toode\/online-noustamine\/#primaryimage","url":"https:\/\/www.neljastrimester.ee\/wp-content\/uploads\/2026\/01\/20260126_231936_0000.png","contentUrl":"https:\/\/www.neljastrimester.ee\/wp-content\/uploads\/2026\/01\/20260126_231936_0000.png","width":1200,"height":1200},{"@type":"BreadcrumbList","@id":"https:\/\/www.neljastrimester.ee\/toode\/online-noustamine\/#breadcrumb","itemListElement":[{"@type":"ListItem","position":1,"name":"Home","item":"https:\/\/neljastrimester.ee\/en\/"},{"@type":"ListItem","position":2,"name":"\u00d5pi ja koge","item":"https:\/\/www.neljastrimester.ee\/pood\/"},{"@type":"ListItem","position":3,"name":"Online-n\u00f5ustamine 45 min \ud83c\uddea\ud83c\uddea \ud83c\uddec\ud83c\udde7"}]},{"@type":"WebSite","@id":"https:\/\/neljastrimester.ee\/en\/#website","url":"https:\/\/neljastrimester.ee\/en\/","name":"Doula Daisi - postpartum doula, day doula, night doula, lactation consultant","description":"S\u00fcnnitusj\u00e4rgne plaan, beebipeod, imetamisn\u00f5ustamine","publisher":{"@id":"https:\/\/neljastrimester.ee\/en\/#organization"},"potentialAction":[{"@type":"SearchAction","target":{"@type":"EntryPoint","urlTemplate":"https:\/\/neljastrimester.ee\/en\/?s={search_term_string}"},"query-input":{"@type":"PropertyValueSpecification","valueRequired":true,"valueName":"search_term_string"}}],"inLanguage":"en-GB"},{"@type":"Organization","@id":"https:\/\/neljastrimester.ee\/en\/#organization","name":"Doula Daisi - postpartum doula, day doula, night doula, lactation consultant","url":"https:\/\/neljastrimester.ee\/en\/","logo":{"@type":"ImageObject","inLanguage":"en-GB","@id":"https:\/\/neljastrimester.ee\/en\/#\/schema\/logo\/image\/","url":"https:\/\/www.neljastrimester.ee\/wp-content\/uploads\/2023\/08\/Doula-Daisi_LOGO.jpg","contentUrl":"https:\/\/www.neljastrimester.ee\/wp-content\/uploads\/2023\/08\/Doula-Daisi_LOGO.jpg","width":533,"height":533,"caption":"Doula Daisi - s\u00fcnnitusj\u00e4rgne tugi, imetamisn\u00f5ustamine"},"image":{"@id":"https:\/\/neljastrimester.ee\/en\/#\/schema\/logo\/image\/"},"sameAs":["https:\/\/www.facebook.com\/douladaisi","https:\/\/instagram.com\/douladaisi"]}]}},"_links":{"self":[{"href":"https:\/\/www.neljastrimester.ee\/en\/wp-json\/wp\/v2\/product\/1400","targetHints":{"allow":["GET"]}}],"collection":[{"href":"https:\/\/www.neljastrimester.ee\/en\/wp-json\/wp\/v2\/product"}],"about":[{"href":"https:\/\/www.neljastrimester.ee\/en\/wp-json\/wp\/v2\/types\/product"}],"wp:featuredmedia":[{"embeddable":true,"href":"https:\/\/www.neljastrimester.ee\/en\/wp-json\/wp\/v2\/media\/1476"}],"wp:attachment":[{"href":"https:\/\/www.neljastrimester.ee\/en\/wp-json\/wp\/v2\/media?parent=1400"}],"wp:term":[{"taxonomy":"product_brand","embeddable":true,"href":"https:\/\/www.neljastrimester.ee\/en\/wp-json\/wp\/v2\/product_brand?post=1400"},{"taxonomy":"product_cat","embeddable":true,"href":"https:\/\/www.neljastrimester.ee\/en\/wp-json\/wp\/v2\/product_cat?post=1400"},{"taxonomy":"product_tag","embeddable":true,"href":"https:\/\/www.neljastrimester.ee\/en\/wp-json\/wp\/v2\/product_tag?post=1400"}],"curies":[{"name":"wp","href":"https:\/\/api.w.org\/{rel}","templated":true}]}}